{"id":215,"date":"2022-07-05T14:35:09","date_gmt":"2022-07-05T11:35:09","guid":{"rendered":"https:\/\/iyikanlimakina.com\/?page_id=215"},"modified":"2025-05-29T19:11:33","modified_gmt":"2025-05-29T16:11:33","slug":"hakkmzda_menu","status":"publish","type":"page","link":"https:\/\/iyikanlimakina.com\/index.php\/hakkmzda_menu\/","title":{"rendered":"Hakk\u0131m\u0131zda"},"content":{"rendered":"\n<p><strong>1971 y\u0131l\u0131nda kurulan firmam\u0131z manuel torna ve freze ile ilk temellerini atm\u0131\u015f olup, geli\u015fen bilgisayar teknolojisi ile birlikte bilgisayar destekli \u00fcretime ge\u00e7mi\u015ftir:<\/strong><\/p>\n\n\n\n<blockquote class=\"wp-block-quote is-layout-flow wp-block-quote-is-layout-flow\">\n<p><strong>\u0130yikanl\u0131 Makina\u2019da Plastik enjeksiyon kal\u0131plar\u0131, Hassas makina par\u00e7alar\u0131, Poli\u00fcretan ve Termoform kal\u0131plar\u0131 ile \u00fcretimin her alan\u0131nda size destek vermekteyiz.<\/strong><\/p>\n<\/blockquote>\n\n\n\n<p>:<\/p>\n\n\n\n<blockquote class=\"wp-block-quote is-layout-flow wp-block-quote-is-layout-flow\">\n<p><strong>Her ge\u00e7en g\u00fcn, bilgimize bilgi kat\u0131p; \u201cGe\u00e7mi\u015ften Gelece\u011fe\u201d slogan\u0131 ile mevcut bilgimizi CAD ve CAM ile harmanlay\u0131p fiyat odakl\u0131 \u00e7\u00f6z\u00fcmler sunmaktay\u0131z..<\/strong><\/p>\n<\/blockquote>\n\n\n\n<figure class=\"wp-block-embed is-type-video is-provider-youtube wp-block-embed-youtube wp-embed-aspect-16-9 wp-has-aspect-ratio\"><div class=\"wp-block-embed__wrapper\">\n<iframe loading=\"lazy\" title=\"Tan\u0131t\u0131m Filmi | \u0130yikanl\u0131 Makina\" width=\"750\" height=\"422\" src=\"https:\/\/www.youtube.com\/embed\/kBV9ZwPLz-c?feature=oembed\" frameborder=\"0\" allow=\"accelerometer; autoplay; clipboard-write; encrypted-media; gyroscope; picture-in-picture; web-share\" allowfullscreen><\/iframe>\n<\/div><\/figure>\n\n\n\n<div class=\"wp-block-group alignfull ext editor:no-inserter ext-my-0 ext-py-lg\"><div class=\"wp-block-group__inner-container is-layout-constrained wp-block-group-is-layout-constrained\">\n<div class=\"wp-block-columns alignwide tablet:fullwidth-cols ext-mt-base is-layout-flex wp-container-core-columns-is-layout-28f84493 wp-block-columns-is-layout-flex\">\n<div class=\"wp-block-column is-layout-flow wp-block-column-is-layout-flow\"><\/div>\n\n\n\n<div class=\"wp-block-column editor:no-inserter ext-m-0 is-layout-flow wp-block-column-is-layout-flow\" style=\"flex-basis:66.6%\"><\/div>\n<\/div>\n<\/div><\/div>\n\n\n\n<figure class=\"wp-block-gallery has-nested-images columns-default is-cropped wp-block-gallery-1 is-layout-flex wp-block-gallery-is-layout-flex\">\n<figure class=\"wp-block-image size-large\"><img loading=\"lazy\" decoding=\"async\" width=\"1500\" height=\"2000\" data-id=\"106\" src=\"https:\/\/iyikanlimakina.com\/wp-content\/uploads\/2022\/06\/fb46e297-7498-4ade-9e9b-8c4a89ebc51a-1-1500x2000-1.jpg\" alt=\"\" class=\"wp-image-106\" srcset=\"https:\/\/iyikanlimakina.com\/wp-content\/uploads\/2022\/06\/fb46e297-7498-4ade-9e9b-8c4a89ebc51a-1-1500x2000-1.jpg 1500w, https:\/\/iyikanlimakina.com\/wp-content\/uploads\/2022\/06\/fb46e297-7498-4ade-9e9b-8c4a89ebc51a-1-1500x2000-1-225x300.jpg 225w, https:\/\/iyikanlimakina.com\/wp-content\/uploads\/2022\/06\/fb46e297-7498-4ade-9e9b-8c4a89ebc51a-1-1500x2000-1-768x1024.jpg 768w, https:\/\/iyikanlimakina.com\/wp-content\/uploads\/2022\/06\/fb46e297-7498-4ade-9e9b-8c4a89ebc51a-1-1500x2000-1-1152x1536.jpg 1152w\" sizes=\"auto, (max-width: 1500px) 100vw, 1500px\" \/><\/figure>\n\n\n\n<figure class=\"wp-block-image size-large\"><img loading=\"lazy\" decoding=\"async\" width=\"1500\" height=\"2000\" data-id=\"105\" src=\"https:\/\/iyikanlimakina.com\/wp-content\/uploads\/2022\/06\/cefdff78-36ed-4079-a7ce-452c7672b3ab-1500x2000-3.jpg\" alt=\"\" class=\"wp-image-105\" srcset=\"https:\/\/iyikanlimakina.com\/wp-content\/uploads\/2022\/06\/cefdff78-36ed-4079-a7ce-452c7672b3ab-1500x2000-3.jpg 1500w, https:\/\/iyikanlimakina.com\/wp-content\/uploads\/2022\/06\/cefdff78-36ed-4079-a7ce-452c7672b3ab-1500x2000-3-225x300.jpg 225w, https:\/\/iyikanlimakina.com\/wp-content\/uploads\/2022\/06\/cefdff78-36ed-4079-a7ce-452c7672b3ab-1500x2000-3-768x1024.jpg 768w, https:\/\/iyikanlimakina.com\/wp-content\/uploads\/2022\/06\/cefdff78-36ed-4079-a7ce-452c7672b3ab-1500x2000-3-1152x1536.jpg 1152w\" sizes=\"auto, (max-width: 1500px) 100vw, 1500px\" \/><\/figure>\n\n\n\n<figure class=\"wp-block-image size-large\"><img loading=\"lazy\" decoding=\"async\" width=\"1500\" height=\"2000\" data-id=\"103\" src=\"https:\/\/iyikanlimakina.com\/wp-content\/uploads\/2022\/06\/24454634-6eea-4bb7-aee4-062debf64082-1-1500x2000-1.jpg\" alt=\"\" class=\"wp-image-103\" srcset=\"https:\/\/iyikanlimakina.com\/wp-content\/uploads\/2022\/06\/24454634-6eea-4bb7-aee4-062debf64082-1-1500x2000-1.jpg 1500w, https:\/\/iyikanlimakina.com\/wp-content\/uploads\/2022\/06\/24454634-6eea-4bb7-aee4-062debf64082-1-1500x2000-1-225x300.jpg 225w, https:\/\/iyikanlimakina.com\/wp-content\/uploads\/2022\/06\/24454634-6eea-4bb7-aee4-062debf64082-1-1500x2000-1-768x1024.jpg 768w, https:\/\/iyikanlimakina.com\/wp-content\/uploads\/2022\/06\/24454634-6eea-4bb7-aee4-062debf64082-1-1500x2000-1-1152x1536.jpg 1152w, https:\/\/iyikanlimakina.com\/wp-content\/uploads\/2022\/06\/24454634-6eea-4bb7-aee4-062debf64082-1-1500x2000-1-600x800.jpg 600w, https:\/\/iyikanlimakina.com\/wp-content\/uploads\/2022\/06\/24454634-6eea-4bb7-aee4-062debf64082-1-1500x2000-1-1200x1600.jpg 1200w\" sizes=\"auto, (max-width: 1500px) 100vw, 1500px\" \/><\/figure>\n\n\n\n<figure class=\"wp-block-image size-large\"><img loading=\"lazy\" decoding=\"async\" width=\"1500\" height=\"2000\" data-id=\"93\" src=\"https:\/\/iyikanlimakina.com\/wp-content\/uploads\/2022\/06\/cefdff78-36ed-4079-a7ce-452c7672b3ab-1500x2000-2.jpg\" alt=\"\" class=\"wp-image-93\" srcset=\"https:\/\/iyikanlimakina.com\/wp-content\/uploads\/2022\/06\/cefdff78-36ed-4079-a7ce-452c7672b3ab-1500x2000-2.jpg 1500w, https:\/\/iyikanlimakina.com\/wp-content\/uploads\/2022\/06\/cefdff78-36ed-4079-a7ce-452c7672b3ab-1500x2000-2-225x300.jpg 225w, https:\/\/iyikanlimakina.com\/wp-content\/uploads\/2022\/06\/cefdff78-36ed-4079-a7ce-452c7672b3ab-1500x2000-2-768x1024.jpg 768w, https:\/\/iyikanlimakina.com\/wp-content\/uploads\/2022\/06\/cefdff78-36ed-4079-a7ce-452c7672b3ab-1500x2000-2-1152x1536.jpg 1152w\" sizes=\"auto, (max-width: 1500px) 100vw, 1500px\" \/><\/figure>\n\n\n\n<figure class=\"wp-block-image size-large\"><img loading=\"lazy\" decoding=\"async\" width=\"1500\" height=\"2000\" data-id=\"49\" src=\"https:\/\/iyikanlimakina.com\/wp-content\/uploads\/2022\/06\/cefdff78-36ed-4079-a7ce-452c7672b3ab-1500x2000-1.jpg\" alt=\"\" class=\"wp-image-49\" srcset=\"https:\/\/iyikanlimakina.com\/wp-content\/uploads\/2022\/06\/cefdff78-36ed-4079-a7ce-452c7672b3ab-1500x2000-1.jpg 1500w, https:\/\/iyikanlimakina.com\/wp-content\/uploads\/2022\/06\/cefdff78-36ed-4079-a7ce-452c7672b3ab-1500x2000-1-225x300.jpg 225w, https:\/\/iyikanlimakina.com\/wp-content\/uploads\/2022\/06\/cefdff78-36ed-4079-a7ce-452c7672b3ab-1500x2000-1-768x1024.jpg 768w, https:\/\/iyikanlimakina.com\/wp-content\/uploads\/2022\/06\/cefdff78-36ed-4079-a7ce-452c7672b3ab-1500x2000-1-1152x1536.jpg 1152w\" sizes=\"auto, (max-width: 1500px) 100vw, 1500px\" \/><\/figure>\n\n\n\n<figure class=\"wp-block-image size-large\"><img loading=\"lazy\" decoding=\"async\" width=\"1536\" height=\"2048\" data-id=\"108\" src=\"https:\/\/iyikanlimakina.com\/wp-content\/uploads\/2022\/06\/IMG_7029.jpeg\" alt=\"\" class=\"wp-image-108\" srcset=\"https:\/\/iyikanlimakina.com\/wp-content\/uploads\/2022\/06\/IMG_7029.jpeg 1536w, https:\/\/iyikanlimakina.com\/wp-content\/uploads\/2022\/06\/IMG_7029-225x300.jpeg 225w, https:\/\/iyikanlimakina.com\/wp-content\/uploads\/2022\/06\/IMG_7029-768x1024.jpeg 768w, https:\/\/iyikanlimakina.com\/wp-content\/uploads\/2022\/06\/IMG_7029-1152x1536.jpeg 1152w\" sizes=\"auto, (max-width: 1536px) 100vw, 1536px\" \/><\/figure>\n\n\n\n<figure class=\"wp-block-image size-large\"><img loading=\"lazy\" decoding=\"async\" width=\"2048\" height=\"1536\" data-id=\"109\" src=\"https:\/\/iyikanlimakina.com\/wp-content\/uploads\/2022\/06\/IMG_5369-rotated.jpeg\" alt=\"\" class=\"wp-image-109\" srcset=\"https:\/\/iyikanlimakina.com\/wp-content\/uploads\/2022\/06\/IMG_5369-rotated.jpeg 2048w, https:\/\/iyikanlimakina.com\/wp-content\/uploads\/2022\/06\/IMG_5369-300x225.jpeg 300w, https:\/\/iyikanlimakina.com\/wp-content\/uploads\/2022\/06\/IMG_5369-1024x768.jpeg 1024w, https:\/\/iyikanlimakina.com\/wp-content\/uploads\/2022\/06\/IMG_5369-768x576.jpeg 768w, https:\/\/iyikanlimakina.com\/wp-content\/uploads\/2022\/06\/IMG_5369-1536x1152.jpeg 1536w\" sizes=\"auto, (max-width: 2048px) 100vw, 2048px\" \/><\/figure>\n<\/figure>\n","protected":false},"excerpt":{"rendered":"<p>1971 y\u0131l\u0131nda kurulan firmam\u0131z manuel torna ve freze ile ilk temellerini atm\u0131\u015f olup, geli\u015fen bilgisayar teknolojisi ile birlikte bilgisayar destekli \u00fcretime ge\u00e7mi\u015ftir: \u0130yikanl\u0131 Makina\u2019da Plastik enjeksiyon kal\u0131plar\u0131, Hassas makina par\u00e7alar\u0131, Poli\u00fcretan ve Termoform kal\u0131plar\u0131 ile \u00fcretimin her alan\u0131nda size destek vermekteyiz. : Her ge\u00e7en g\u00fcn, bilgimize bilgi kat\u0131p; \u201cGe\u00e7mi\u015ften Gelece\u011fe\u201d [&hellip;]<\/p>\n","protected":false},"author":1,"featured_media":103,"parent":0,"menu_order":0,"comment_status":"closed","ping_status":"closed","template":"","meta":{"_themeisle_gutenberg_block_has_review":false,"footnotes":""},"class_list":["post-215","page","type-page","status-publish","has-post-thumbnail","hentry"],"yoast_head":"<!-- This site is optimized with the Yoast SEO plugin v19.7.1 - https:\/\/yoast.com\/wordpress\/plugins\/seo\/ -->\n<title>Hakk\u0131m\u0131zda - \u0130yikanl\u0131 Makina<\/title>\n<meta name=\"robots\" content=\"index, follow, max-snippet:-1, max-image-preview:large, max-video-preview:-1\" \/>\n<link rel=\"canonical\" href=\"https:\/\/iyikanlimakina.com\/index.php\/hakkmzda_menu\/\" \/>\n<meta property=\"og:locale\" content=\"tr_TR\" \/>\n<meta property=\"og:type\" content=\"article\" \/>\n<meta property=\"og:title\" content=\"Hakk\u0131m\u0131zda - \u0130yikanl\u0131 Makina\" \/>\n<meta property=\"og:description\" content=\"1971 y\u0131l\u0131nda kurulan firmam\u0131z manuel torna ve freze ile ilk temellerini atm\u0131\u015f olup, geli\u015fen bilgisayar teknolojisi ile birlikte bilgisayar destekli \u00fcretime ge\u00e7mi\u015ftir: \u0130yikanl\u0131 Makina\u2019da Plastik enjeksiyon kal\u0131plar\u0131, Hassas makina par\u00e7alar\u0131, Poli\u00fcretan ve Termoform kal\u0131plar\u0131 ile \u00fcretimin her alan\u0131nda size destek vermekteyiz. : Her ge\u00e7en g\u00fcn, bilgimize bilgi kat\u0131p; \u201cGe\u00e7mi\u015ften Gelece\u011fe\u201d [&hellip;]\" \/>\n<meta property=\"og:url\" content=\"https:\/\/iyikanlimakina.com\/index.php\/hakkmzda_menu\/\" \/>\n<meta property=\"og:site_name\" content=\"\u0130yikanl\u0131 Makina\" \/>\n<meta property=\"article:modified_time\" content=\"2025-05-29T16:11:33+00:00\" \/>\n<meta property=\"og:image\" content=\"https:\/\/iyikanlimakina.com\/wp-content\/uploads\/2022\/06\/24454634-6eea-4bb7-aee4-062debf64082-1-1500x2000-1.jpg\" \/>\n\t<meta property=\"og:image:width\" content=\"1500\" \/>\n\t<meta property=\"og:image:height\" content=\"2000\" \/>\n\t<meta property=\"og:image:type\" content=\"image\/jpeg\" \/>\n<meta name=\"twitter:card\" content=\"summary_large_image\" \/>\n<meta name=\"twitter:label1\" content=\"Tahmini okuma s\u00fcresi\" \/>\n\t<meta name=\"twitter:data1\" content=\"2 dakika\" \/>\n<script type=\"application\/ld+json\" class=\"yoast-schema-graph\">{\"@context\":\"https:\/\/schema.org\",\"@graph\":[{\"@type\":\"WebPage\",\"@id\":\"https:\/\/iyikanlimakina.com\/index.php\/hakkmzda_menu\/\",\"url\":\"https:\/\/iyikanlimakina.com\/index.php\/hakkmzda_menu\/\",\"name\":\"Hakk\u0131m\u0131zda - \u0130yikanl\u0131 Makina\",\"isPartOf\":{\"@id\":\"https:\/\/iyikanlimakina.com\/#website\"},\"datePublished\":\"2022-07-05T11:35:09+00:00\",\"dateModified\":\"2025-05-29T16:11:33+00:00\",\"breadcrumb\":{\"@id\":\"https:\/\/iyikanlimakina.com\/index.php\/hakkmzda_menu\/#breadcrumb\"},\"inLanguage\":\"tr\",\"potentialAction\":[{\"@type\":\"ReadAction\",\"target\":[\"https:\/\/iyikanlimakina.com\/index.php\/hakkmzda_menu\/\"]}]},{\"@type\":\"BreadcrumbList\",\"@id\":\"https:\/\/iyikanlimakina.com\/index.php\/hakkmzda_menu\/#breadcrumb\",\"itemListElement\":[{\"@type\":\"ListItem\",\"position\":1,\"name\":\"Anasayfa\",\"item\":\"https:\/\/iyikanlimakina.com\/\"},{\"@type\":\"ListItem\",\"position\":2,\"name\":\"Hakk\u0131m\u0131zda\"}]},{\"@type\":\"WebSite\",\"@id\":\"https:\/\/iyikanlimakina.com\/#website\",\"url\":\"https:\/\/iyikanlimakina.com\/\",\"name\":\"\u0130yikanl\u0131 Makina\",\"description\":\"Ge\u00e7mi\u015ften Gelece\u011fe\",\"publisher\":{\"@id\":\"https:\/\/iyikanlimakina.com\/#organization\"},\"potentialAction\":[{\"@type\":\"SearchAction\",\"target\":{\"@type\":\"EntryPoint\",\"urlTemplate\":\"https:\/\/iyikanlimakina.com\/?s={search_term_string}\"},\"query-input\":\"required name=search_term_string\"}],\"inLanguage\":\"tr\"},{\"@type\":\"Organization\",\"@id\":\"https:\/\/iyikanlimakina.com\/#organization\",\"name\":\"\u0130yikanl\u0131 Makina\",\"url\":\"https:\/\/iyikanlimakina.com\/\",\"sameAs\":[],\"logo\":{\"@type\":\"ImageObject\",\"inLanguage\":\"tr\",\"@id\":\"https:\/\/iyikanlimakina.com\/#\/schema\/logo\/image\/\",\"url\":\"https:\/\/iyikanlimakina.com\/wp-content\/uploads\/2022\/06\/cropped-cropped-indir-1.png\",\"contentUrl\":\"https:\/\/iyikanlimakina.com\/wp-content\/uploads\/2022\/06\/cropped-cropped-indir-1.png\",\"width\":512,\"height\":512,\"caption\":\"\u0130yikanl\u0131 Makina\"},\"image\":{\"@id\":\"https:\/\/iyikanlimakina.com\/#\/schema\/logo\/image\/\"}}]}<\/script>\n<!-- \/ Yoast SEO plugin. -->","yoast_head_json":{"title":"Hakk\u0131m\u0131zda - \u0130yikanl\u0131 Makina","robots":{"index":"index","follow":"follow","max-snippet":"max-snippet:-1","max-image-preview":"max-image-preview:large","max-video-preview":"max-video-preview:-1"},"canonical":"https:\/\/iyikanlimakina.com\/index.php\/hakkmzda_menu\/","og_locale":"tr_TR","og_type":"article","og_title":"Hakk\u0131m\u0131zda - \u0130yikanl\u0131 Makina","og_description":"1971 y\u0131l\u0131nda kurulan firmam\u0131z manuel torna ve freze ile ilk temellerini atm\u0131\u015f olup, geli\u015fen bilgisayar teknolojisi ile birlikte bilgisayar destekli \u00fcretime ge\u00e7mi\u015ftir: \u0130yikanl\u0131 Makina\u2019da Plastik enjeksiyon kal\u0131plar\u0131, Hassas makina par\u00e7alar\u0131, Poli\u00fcretan ve Termoform kal\u0131plar\u0131 ile \u00fcretimin her alan\u0131nda size destek vermekteyiz. : Her ge\u00e7en g\u00fcn, bilgimize bilgi kat\u0131p; \u201cGe\u00e7mi\u015ften Gelece\u011fe\u201d [&hellip;]","og_url":"https:\/\/iyikanlimakina.com\/index.php\/hakkmzda_menu\/","og_site_name":"\u0130yikanl\u0131 Makina","article_modified_time":"2025-05-29T16:11:33+00:00","og_image":[{"width":1500,"height":2000,"url":"https:\/\/iyikanlimakina.com\/wp-content\/uploads\/2022\/06\/24454634-6eea-4bb7-aee4-062debf64082-1-1500x2000-1.jpg","type":"image\/jpeg"}],"twitter_card":"summary_large_image","twitter_misc":{"Tahmini okuma s\u00fcresi":"2 dakika"},"schema":{"@context":"https:\/\/schema.org","@graph":[{"@type":"WebPage","@id":"https:\/\/iyikanlimakina.com\/index.php\/hakkmzda_menu\/","url":"https:\/\/iyikanlimakina.com\/index.php\/hakkmzda_menu\/","name":"Hakk\u0131m\u0131zda - \u0130yikanl\u0131 Makina","isPartOf":{"@id":"https:\/\/iyikanlimakina.com\/#website"},"datePublished":"2022-07-05T11:35:09+00:00","dateModified":"2025-05-29T16:11:33+00:00","breadcrumb":{"@id":"https:\/\/iyikanlimakina.com\/index.php\/hakkmzda_menu\/#breadcrumb"},"inLanguage":"tr","potentialAction":[{"@type":"ReadAction","target":["https:\/\/iyikanlimakina.com\/index.php\/hakkmzda_menu\/"]}]},{"@type":"BreadcrumbList","@id":"https:\/\/iyikanlimakina.com\/index.php\/hakkmzda_menu\/#breadcrumb","itemListElement":[{"@type":"ListItem","position":1,"name":"Anasayfa","item":"https:\/\/iyikanlimakina.com\/"},{"@type":"ListItem","position":2,"name":"Hakk\u0131m\u0131zda"}]},{"@type":"WebSite","@id":"https:\/\/iyikanlimakina.com\/#website","url":"https:\/\/iyikanlimakina.com\/","name":"\u0130yikanl\u0131 Makina","description":"Ge\u00e7mi\u015ften Gelece\u011fe","publisher":{"@id":"https:\/\/iyikanlimakina.com\/#organization"},"potentialAction":[{"@type":"SearchAction","target":{"@type":"EntryPoint","urlTemplate":"https:\/\/iyikanlimakina.com\/?s={search_term_string}"},"query-input":"required name=search_term_string"}],"inLanguage":"tr"},{"@type":"Organization","@id":"https:\/\/iyikanlimakina.com\/#organization","name":"\u0130yikanl\u0131 Makina","url":"https:\/\/iyikanlimakina.com\/","sameAs":[],"logo":{"@type":"ImageObject","inLanguage":"tr","@id":"https:\/\/iyikanlimakina.com\/#\/schema\/logo\/image\/","url":"https:\/\/iyikanlimakina.com\/wp-content\/uploads\/2022\/06\/cropped-cropped-indir-1.png","contentUrl":"https:\/\/iyikanlimakina.com\/wp-content\/uploads\/2022\/06\/cropped-cropped-indir-1.png","width":512,"height":512,"caption":"\u0130yikanl\u0131 Makina"},"image":{"@id":"https:\/\/iyikanlimakina.com\/#\/schema\/logo\/image\/"}}]}},"featured_media_urls":{"thumbnail":["https:\/\/iyikanlimakina.com\/wp-content\/uploads\/2022\/06\/24454634-6eea-4bb7-aee4-062debf64082-1-1500x2000-1-150x150.jpg",150,150,true],"medium":["https:\/\/iyikanlimakina.com\/wp-content\/uploads\/2022\/06\/24454634-6eea-4bb7-aee4-062debf64082-1-1500x2000-1-225x300.jpg",225,300,true],"medium_large":["https:\/\/iyikanlimakina.com\/wp-content\/uploads\/2022\/06\/24454634-6eea-4bb7-aee4-062debf64082-1-1500x2000-1-768x1024.jpg",750,1000,true],"large":["https:\/\/iyikanlimakina.com\/wp-content\/uploads\/2022\/06\/24454634-6eea-4bb7-aee4-062debf64082-1-1500x2000-1-768x1024.jpg",750,1000,true],"1536x1536":["https:\/\/iyikanlimakina.com\/wp-content\/uploads\/2022\/06\/24454634-6eea-4bb7-aee4-062debf64082-1-1500x2000-1-1152x1536.jpg",1152,1536,true],"2048x2048":["https:\/\/iyikanlimakina.com\/wp-content\/uploads\/2022\/06\/24454634-6eea-4bb7-aee4-062debf64082-1-1500x2000-1.jpg",1500,2000,false],"hestia-blog":["https:\/\/iyikanlimakina.com\/wp-content\/uploads\/2022\/06\/24454634-6eea-4bb7-aee4-062debf64082-1-1500x2000-1-360x240.jpg",360,240,true],"portfolio_item-thumbnail":["https:\/\/iyikanlimakina.com\/wp-content\/uploads\/2022\/06\/24454634-6eea-4bb7-aee4-062debf64082-1-1500x2000-1-600x400.jpg",600,400,true],"portfolio_item-thumbnail@2x":["https:\/\/iyikanlimakina.com\/wp-content\/uploads\/2022\/06\/24454634-6eea-4bb7-aee4-062debf64082-1-1500x2000-1-1200x800.jpg",1200,800,true],"portfolio_item-masonry":["https:\/\/iyikanlimakina.com\/wp-content\/uploads\/2022\/06\/24454634-6eea-4bb7-aee4-062debf64082-1-1500x2000-1-600x800.jpg",600,800,true],"portfolio_item-masonry@2x":["https:\/\/iyikanlimakina.com\/wp-content\/uploads\/2022\/06\/24454634-6eea-4bb7-aee4-062debf64082-1-1500x2000-1-1200x1600.jpg",1200,1600,true],"portfolio_item-thumbnail_cinema":["https:\/\/iyikanlimakina.com\/wp-content\/uploads\/2022\/06\/24454634-6eea-4bb7-aee4-062debf64082-1-1500x2000-1-800x335.jpg",800,335,true],"portfolio_item-thumbnail_portrait":["https:\/\/iyikanlimakina.com\/wp-content\/uploads\/2022\/06\/24454634-6eea-4bb7-aee4-062debf64082-1-1500x2000-1-600x900.jpg",600,900,true],"portfolio_item-thumbnail_portrait@2x":["https:\/\/iyikanlimakina.com\/wp-content\/uploads\/2022\/06\/24454634-6eea-4bb7-aee4-062debf64082-1-1500x2000-1-1200x1800.jpg",1200,1800,true],"portfolio_item-thumbnail_square":["https:\/\/iyikanlimakina.com\/wp-content\/uploads\/2022\/06\/24454634-6eea-4bb7-aee4-062debf64082-1-1500x2000-1-800x800.jpg",800,800,true]},"_links":{"self":[{"href":"https:\/\/iyikanlimakina.com\/index.php\/wp-json\/wp\/v2\/pages\/215","targetHints":{"allow":["GET"]}}],"collection":[{"href":"https:\/\/iyikanlimakina.com\/index.php\/wp-json\/wp\/v2\/pages"}],"about":[{"href":"https:\/\/iyikanlimakina.com\/index.php\/wp-json\/wp\/v2\/types\/page"}],"author":[{"embeddable":true,"href":"https:\/\/iyikanlimakina.com\/index.php\/wp-json\/wp\/v2\/users\/1"}],"replies":[{"embeddable":true,"href":"https:\/\/iyikanlimakina.com\/index.php\/wp-json\/wp\/v2\/comments?post=215"}],"version-history":[{"count":9,"href":"https:\/\/iyikanlimakina.com\/index.php\/wp-json\/wp\/v2\/pages\/215\/revisions"}],"predecessor-version":[{"id":6776,"href":"https:\/\/iyikanlimakina.com\/index.php\/wp-json\/wp\/v2\/pages\/215\/revisions\/6776"}],"wp:featuredmedia":[{"embeddable":true,"href":"https:\/\/iyikanlimakina.com\/index.php\/wp-json\/wp\/v2\/media\/103"}],"wp:attachment":[{"href":"https:\/\/iyikanlimakina.com\/index.php\/wp-json\/wp\/v2\/media?parent=215"}],"curies":[{"name":"wp","href":"https:\/\/api.w.org\/{rel}","templated":true}]}}