{"id":359,"date":"2023-03-16T16:04:18","date_gmt":"2023-03-16T13:04:18","guid":{"rendered":"https:\/\/iyikanlimakina.com\/?page_id=359"},"modified":"2024-12-24T10:34:30","modified_gmt":"2024-12-24T07:34:30","slug":"servislerimiz","status":"publish","type":"page","link":"https:\/\/iyikanlimakina.com\/index.php\/servislerimiz\/","title":{"rendered":"SERV\u0130SLER\u0130M\u0130Z"},"content":{"rendered":"","protected":false},"excerpt":{"rendered":"","protected":false},"author":1,"featured_media":0,"parent":0,"menu_order":0,"comment_status":"closed","ping_status":"closed","template":"","meta":{"_themeisle_gutenberg_block_has_review":false,"footnotes":""},"class_list":["post-359","page","type-page","status-publish","hentry"],"yoast_head":"<!-- This site is optimized with the Yoast SEO plugin v19.7.1 - https:\/\/yoast.com\/wordpress\/plugins\/seo\/ -->\n<title>SERV\u0130SLER\u0130M\u0130Z - \u0130yikanl\u0131 Makina<\/title>\n<meta name=\"description\" content=\"\u0130yikanl\u0131 Makina&#039;da Plastik enjeksiyon kal\u0131plar\u0131, Hassas makina par\u00e7alar\u0131, Plastik enjeksiyon makinalar\u0131, vakum kal\u0131p imalat\u0131 ile \u00fcretimin her alan\u0131nda size destek vermekteyiz.1971 y\u0131l\u0131nda kurulan firmam\u0131z manuel torna ve freze ile ilk temellerini atm\u0131\u015f olup, geli\u015fen bilgisayar teknolojisi ile birlikte bilgisayar destekli \u00fcretime ge\u00e7mi\u015ftir: Her ge\u00e7en g\u00fcn, bilgimize bilgi kat\u0131p; \u201cGe\u00e7mi\u015ften Gelece\u011fe\u201d slogan\u0131 ile mevcut bilgimizi CAD ve CAM ile harmanlay\u0131p fiyat odakl\u0131 \u00e7\u00f6z\u00fcmler sunmaktay\u0131z..\" \/>\n<meta name=\"robots\" content=\"index, follow, max-snippet:-1, max-image-preview:large, max-video-preview:-1\" \/>\n<link rel=\"canonical\" href=\"https:\/\/iyikanlimakina.com\/index.php\/servislerimiz\/\" \/>\n<meta property=\"og:locale\" content=\"tr_TR\" \/>\n<meta property=\"og:type\" content=\"article\" \/>\n<meta property=\"og:title\" content=\"SERV\u0130SLER\u0130M\u0130Z - \u0130yikanl\u0131 Makina\" \/>\n<meta property=\"og:description\" content=\"\u0130yikanl\u0131 Makina&#039;da Plastik enjeksiyon kal\u0131plar\u0131, Hassas makina par\u00e7alar\u0131, Plastik enjeksiyon makinalar\u0131, vakum kal\u0131p imalat\u0131 ile \u00fcretimin her alan\u0131nda size destek vermekteyiz.1971 y\u0131l\u0131nda kurulan firmam\u0131z manuel torna ve freze ile ilk temellerini atm\u0131\u015f olup, geli\u015fen bilgisayar teknolojisi ile birlikte bilgisayar destekli \u00fcretime ge\u00e7mi\u015ftir: Her ge\u00e7en g\u00fcn, bilgimize bilgi kat\u0131p; \u201cGe\u00e7mi\u015ften Gelece\u011fe\u201d slogan\u0131 ile mevcut bilgimizi CAD ve CAM ile harmanlay\u0131p fiyat odakl\u0131 \u00e7\u00f6z\u00fcmler sunmaktay\u0131z..\" \/>\n<meta property=\"og:url\" content=\"https:\/\/iyikanlimakina.com\/index.php\/servislerimiz\/\" \/>\n<meta property=\"og:site_name\" content=\"\u0130yikanl\u0131 Makina\" \/>\n<meta property=\"article:modified_time\" content=\"2024-12-24T07:34:30+00:00\" \/>\n<meta name=\"twitter:card\" content=\"summary_large_image\" \/>\n<script type=\"application\/ld+json\" class=\"yoast-schema-graph\">{\"@context\":\"https:\/\/schema.org\",\"@graph\":[{\"@type\":\"WebPage\",\"@id\":\"https:\/\/iyikanlimakina.com\/index.php\/servislerimiz\/\",\"url\":\"https:\/\/iyikanlimakina.com\/index.php\/servislerimiz\/\",\"name\":\"SERV\u0130SLER\u0130M\u0130Z - \u0130yikanl\u0131 Makina\",\"isPartOf\":{\"@id\":\"https:\/\/iyikanlimakina.com\/#website\"},\"datePublished\":\"2023-03-16T13:04:18+00:00\",\"dateModified\":\"2024-12-24T07:34:30+00:00\",\"description\":\"\u0130yikanl\u0131 Makina'da Plastik enjeksiyon kal\u0131plar\u0131, Hassas makina par\u00e7alar\u0131, Plastik enjeksiyon makinalar\u0131, vakum kal\u0131p imalat\u0131 ile \u00fcretimin her alan\u0131nda size destek vermekteyiz.1971 y\u0131l\u0131nda kurulan firmam\u0131z manuel torna ve freze ile ilk temellerini atm\u0131\u015f olup, geli\u015fen bilgisayar teknolojisi ile birlikte bilgisayar destekli \u00fcretime ge\u00e7mi\u015ftir: Her ge\u00e7en g\u00fcn, bilgimize bilgi kat\u0131p; \u201cGe\u00e7mi\u015ften Gelece\u011fe\u201d slogan\u0131 ile mevcut bilgimizi CAD ve CAM ile harmanlay\u0131p fiyat odakl\u0131 \u00e7\u00f6z\u00fcmler sunmaktay\u0131z..\",\"breadcrumb\":{\"@id\":\"https:\/\/iyikanlimakina.com\/index.php\/servislerimiz\/#breadcrumb\"},\"inLanguage\":\"tr\",\"potentialAction\":[{\"@type\":\"ReadAction\",\"target\":[\"https:\/\/iyikanlimakina.com\/index.php\/servislerimiz\/\"]}]},{\"@type\":\"BreadcrumbList\",\"@id\":\"https:\/\/iyikanlimakina.com\/index.php\/servislerimiz\/#breadcrumb\",\"itemListElement\":[{\"@type\":\"ListItem\",\"position\":1,\"name\":\"Anasayfa\",\"item\":\"https:\/\/iyikanlimakina.com\/\"},{\"@type\":\"ListItem\",\"position\":2,\"name\":\"SERV\u0130SLER\u0130M\u0130Z\"}]},{\"@type\":\"WebSite\",\"@id\":\"https:\/\/iyikanlimakina.com\/#website\",\"url\":\"https:\/\/iyikanlimakina.com\/\",\"name\":\"\u0130yikanl\u0131 Makina\",\"description\":\"Ge\u00e7mi\u015ften Gelece\u011fe\",\"publisher\":{\"@id\":\"https:\/\/iyikanlimakina.com\/#organization\"},\"potentialAction\":[{\"@type\":\"SearchAction\",\"target\":{\"@type\":\"EntryPoint\",\"urlTemplate\":\"https:\/\/iyikanlimakina.com\/?s={search_term_string}\"},\"query-input\":\"required name=search_term_string\"}],\"inLanguage\":\"tr\"},{\"@type\":\"Organization\",\"@id\":\"https:\/\/iyikanlimakina.com\/#organization\",\"name\":\"\u0130yikanl\u0131 Makina\",\"url\":\"https:\/\/iyikanlimakina.com\/\",\"sameAs\":[],\"logo\":{\"@type\":\"ImageObject\",\"inLanguage\":\"tr\",\"@id\":\"https:\/\/iyikanlimakina.com\/#\/schema\/logo\/image\/\",\"url\":\"https:\/\/iyikanlimakina.com\/wp-content\/uploads\/2022\/06\/cropped-cropped-indir-1.png\",\"contentUrl\":\"https:\/\/iyikanlimakina.com\/wp-content\/uploads\/2022\/06\/cropped-cropped-indir-1.png\",\"width\":512,\"height\":512,\"caption\":\"\u0130yikanl\u0131 Makina\"},\"image\":{\"@id\":\"https:\/\/iyikanlimakina.com\/#\/schema\/logo\/image\/\"}}]}<\/script>\n<!-- \/ Yoast SEO plugin. -->","yoast_head_json":{"title":"SERV\u0130SLER\u0130M\u0130Z - \u0130yikanl\u0131 Makina","description":"\u0130yikanl\u0131 Makina'da Plastik enjeksiyon kal\u0131plar\u0131, Hassas makina par\u00e7alar\u0131, Plastik enjeksiyon makinalar\u0131, vakum kal\u0131p imalat\u0131 ile \u00fcretimin her alan\u0131nda size destek vermekteyiz.1971 y\u0131l\u0131nda kurulan firmam\u0131z manuel torna ve freze ile ilk temellerini atm\u0131\u015f olup, geli\u015fen bilgisayar teknolojisi ile birlikte bilgisayar destekli \u00fcretime ge\u00e7mi\u015ftir: Her ge\u00e7en g\u00fcn, bilgimize bilgi kat\u0131p; \u201cGe\u00e7mi\u015ften Gelece\u011fe\u201d slogan\u0131 ile mevcut bilgimizi CAD ve CAM ile harmanlay\u0131p fiyat odakl\u0131 \u00e7\u00f6z\u00fcmler sunmaktay\u0131z..","robots":{"index":"index","follow":"follow","max-snippet":"max-snippet:-1","max-image-preview":"max-image-preview:large","max-video-preview":"max-video-preview:-1"},"canonical":"https:\/\/iyikanlimakina.com\/index.php\/servislerimiz\/","og_locale":"tr_TR","og_type":"article","og_title":"SERV\u0130SLER\u0130M\u0130Z - \u0130yikanl\u0131 Makina","og_description":"\u0130yikanl\u0131 Makina'da Plastik enjeksiyon kal\u0131plar\u0131, Hassas makina par\u00e7alar\u0131, Plastik enjeksiyon makinalar\u0131, vakum kal\u0131p imalat\u0131 ile \u00fcretimin her alan\u0131nda size destek vermekteyiz.1971 y\u0131l\u0131nda kurulan firmam\u0131z manuel torna ve freze ile ilk temellerini atm\u0131\u015f olup, geli\u015fen bilgisayar teknolojisi ile birlikte bilgisayar destekli \u00fcretime ge\u00e7mi\u015ftir: Her ge\u00e7en g\u00fcn, bilgimize bilgi kat\u0131p; \u201cGe\u00e7mi\u015ften Gelece\u011fe\u201d slogan\u0131 ile mevcut bilgimizi CAD ve CAM ile harmanlay\u0131p fiyat odakl\u0131 \u00e7\u00f6z\u00fcmler sunmaktay\u0131z..","og_url":"https:\/\/iyikanlimakina.com\/index.php\/servislerimiz\/","og_site_name":"\u0130yikanl\u0131 Makina","article_modified_time":"2024-12-24T07:34:30+00:00","twitter_card":"summary_large_image","schema":{"@context":"https:\/\/schema.org","@graph":[{"@type":"WebPage","@id":"https:\/\/iyikanlimakina.com\/index.php\/servislerimiz\/","url":"https:\/\/iyikanlimakina.com\/index.php\/servislerimiz\/","name":"SERV\u0130SLER\u0130M\u0130Z - \u0130yikanl\u0131 Makina","isPartOf":{"@id":"https:\/\/iyikanlimakina.com\/#website"},"datePublished":"2023-03-16T13:04:18+00:00","dateModified":"2024-12-24T07:34:30+00:00","description":"\u0130yikanl\u0131 Makina'da Plastik enjeksiyon kal\u0131plar\u0131, Hassas makina par\u00e7alar\u0131, Plastik enjeksiyon makinalar\u0131, vakum kal\u0131p imalat\u0131 ile \u00fcretimin her alan\u0131nda size destek vermekteyiz.1971 y\u0131l\u0131nda kurulan firmam\u0131z manuel torna ve freze ile ilk temellerini atm\u0131\u015f olup, geli\u015fen bilgisayar teknolojisi ile birlikte bilgisayar destekli \u00fcretime ge\u00e7mi\u015ftir: Her ge\u00e7en g\u00fcn, bilgimize bilgi kat\u0131p; \u201cGe\u00e7mi\u015ften Gelece\u011fe\u201d slogan\u0131 ile mevcut bilgimizi CAD ve CAM ile harmanlay\u0131p fiyat odakl\u0131 \u00e7\u00f6z\u00fcmler sunmaktay\u0131z..","breadcrumb":{"@id":"https:\/\/iyikanlimakina.com\/index.php\/servislerimiz\/#breadcrumb"},"inLanguage":"tr","potentialAction":[{"@type":"ReadAction","target":["https:\/\/iyikanlimakina.com\/index.php\/servislerimiz\/"]}]},{"@type":"BreadcrumbList","@id":"https:\/\/iyikanlimakina.com\/index.php\/servislerimiz\/#breadcrumb","itemListElement":[{"@type":"ListItem","position":1,"name":"Anasayfa","item":"https:\/\/iyikanlimakina.com\/"},{"@type":"ListItem","position":2,"name":"SERV\u0130SLER\u0130M\u0130Z"}]},{"@type":"WebSite","@id":"https:\/\/iyikanlimakina.com\/#website","url":"https:\/\/iyikanlimakina.com\/","name":"\u0130yikanl\u0131 Makina","description":"Ge\u00e7mi\u015ften Gelece\u011fe","publisher":{"@id":"https:\/\/iyikanlimakina.com\/#organization"},"potentialAction":[{"@type":"SearchAction","target":{"@type":"EntryPoint","urlTemplate":"https:\/\/iyikanlimakina.com\/?s={search_term_string}"},"query-input":"required name=search_term_string"}],"inLanguage":"tr"},{"@type":"Organization","@id":"https:\/\/iyikanlimakina.com\/#organization","name":"\u0130yikanl\u0131 Makina","url":"https:\/\/iyikanlimakina.com\/","sameAs":[],"logo":{"@type":"ImageObject","inLanguage":"tr","@id":"https:\/\/iyikanlimakina.com\/#\/schema\/logo\/image\/","url":"https:\/\/iyikanlimakina.com\/wp-content\/uploads\/2022\/06\/cropped-cropped-indir-1.png","contentUrl":"https:\/\/iyikanlimakina.com\/wp-content\/uploads\/2022\/06\/cropped-cropped-indir-1.png","width":512,"height":512,"caption":"\u0130yikanl\u0131 Makina"},"image":{"@id":"https:\/\/iyikanlimakina.com\/#\/schema\/logo\/image\/"}}]}},"featured_media_urls":[],"_links":{"self":[{"href":"https:\/\/iyikanlimakina.com\/index.php\/wp-json\/wp\/v2\/pages\/359","targetHints":{"allow":["GET"]}}],"collection":[{"href":"https:\/\/iyikanlimakina.com\/index.php\/wp-json\/wp\/v2\/pages"}],"about":[{"href":"https:\/\/iyikanlimakina.com\/index.php\/wp-json\/wp\/v2\/types\/page"}],"author":[{"embeddable":true,"href":"https:\/\/iyikanlimakina.com\/index.php\/wp-json\/wp\/v2\/users\/1"}],"replies":[{"embeddable":true,"href":"https:\/\/iyikanlimakina.com\/index.php\/wp-json\/wp\/v2\/comments?post=359"}],"version-history":[{"count":1,"href":"https:\/\/iyikanlimakina.com\/index.php\/wp-json\/wp\/v2\/pages\/359\/revisions"}],"predecessor-version":[{"id":360,"href":"https:\/\/iyikanlimakina.com\/index.php\/wp-json\/wp\/v2\/pages\/359\/revisions\/360"}],"wp:attachment":[{"href":"https:\/\/iyikanlimakina.com\/index.php\/wp-json\/wp\/v2\/media?parent=359"}],"curies":[{"name":"wp","href":"https:\/\/api.w.org\/{rel}","templated":true}]}}