{"id":365,"date":"2023-03-17T16:44:44","date_gmt":"2023-03-17T13:44:44","guid":{"rendered":"https:\/\/iyikanlimakina.com\/?page_id=365"},"modified":"2023-05-04T17:35:09","modified_gmt":"2023-05-04T14:35:09","slug":"dalma-erozyon","status":"publish","type":"page","link":"https:\/\/iyikanlimakina.com\/index.php\/dalma-erozyon\/","title":{"rendered":"DALMA EROZYON"},"content":{"rendered":"\n<figure class=\"wp-block-image size-large\"><img loading=\"lazy\" decoding=\"async\" width=\"1024\" height=\"768\" src=\"https:\/\/iyikanlimakina.com\/wp-content\/uploads\/2022\/06\/IMG_6190-1024x768.jpeg\" alt=\"\" class=\"wp-image-110\" srcset=\"https:\/\/iyikanlimakina.com\/wp-content\/uploads\/2022\/06\/IMG_6190-1024x768.jpeg 1024w, https:\/\/iyikanlimakina.com\/wp-content\/uploads\/2022\/06\/IMG_6190-300x225.jpeg 300w, https:\/\/iyikanlimakina.com\/wp-content\/uploads\/2022\/06\/IMG_6190-768x576.jpeg 768w, https:\/\/iyikanlimakina.com\/wp-content\/uploads\/2022\/06\/IMG_6190-1536x1152.jpeg 1536w, https:\/\/iyikanlimakina.com\/wp-content\/uploads\/2022\/06\/IMG_6190.jpeg 2048w\" sizes=\"auto, (max-width: 1024px) 100vw, 1024px\" \/><\/figure>\n","protected":false},"excerpt":{"rendered":"","protected":false},"author":1,"featured_media":0,"parent":0,"menu_order":0,"comment_status":"closed","ping_status":"closed","template":"","meta":{"_themeisle_gutenberg_block_has_review":false,"footnotes":""},"class_list":["post-365","page","type-page","status-publish","hentry"],"yoast_head":"<!-- This site is optimized with the Yoast SEO plugin v19.7.1 - https:\/\/yoast.com\/wordpress\/plugins\/seo\/ -->\n<title>DALMA EROZYON - \u0130yikanl\u0131 Makina<\/title>\n<meta name=\"robots\" content=\"index, follow, max-snippet:-1, max-image-preview:large, max-video-preview:-1\" \/>\n<link rel=\"canonical\" href=\"https:\/\/iyikanlimakina.com\/index.php\/dalma-erozyon\/\" \/>\n<meta property=\"og:locale\" content=\"tr_TR\" \/>\n<meta property=\"og:type\" content=\"article\" \/>\n<meta property=\"og:title\" content=\"DALMA EROZYON - \u0130yikanl\u0131 Makina\" \/>\n<meta property=\"og:url\" content=\"https:\/\/iyikanlimakina.com\/index.php\/dalma-erozyon\/\" \/>\n<meta property=\"og:site_name\" content=\"\u0130yikanl\u0131 Makina\" \/>\n<meta property=\"article:modified_time\" content=\"2023-05-04T14:35:09+00:00\" \/>\n<meta property=\"og:image\" content=\"https:\/\/iyikanlimakina.com\/wp-content\/uploads\/2022\/06\/IMG_6190-1024x768.jpeg\" \/>\n<meta name=\"twitter:card\" content=\"summary_large_image\" \/>\n<script type=\"application\/ld+json\" class=\"yoast-schema-graph\">{\"@context\":\"https:\/\/schema.org\",\"@graph\":[{\"@type\":\"WebPage\",\"@id\":\"https:\/\/iyikanlimakina.com\/index.php\/dalma-erozyon\/\",\"url\":\"https:\/\/iyikanlimakina.com\/index.php\/dalma-erozyon\/\",\"name\":\"DALMA EROZYON - \u0130yikanl\u0131 Makina\",\"isPartOf\":{\"@id\":\"https:\/\/iyikanlimakina.com\/#website\"},\"datePublished\":\"2023-03-17T13:44:44+00:00\",\"dateModified\":\"2023-05-04T14:35:09+00:00\",\"breadcrumb\":{\"@id\":\"https:\/\/iyikanlimakina.com\/index.php\/dalma-erozyon\/#breadcrumb\"},\"inLanguage\":\"tr\",\"potentialAction\":[{\"@type\":\"ReadAction\",\"target\":[\"https:\/\/iyikanlimakina.com\/index.php\/dalma-erozyon\/\"]}]},{\"@type\":\"BreadcrumbList\",\"@id\":\"https:\/\/iyikanlimakina.com\/index.php\/dalma-erozyon\/#breadcrumb\",\"itemListElement\":[{\"@type\":\"ListItem\",\"position\":1,\"name\":\"Anasayfa\",\"item\":\"https:\/\/iyikanlimakina.com\/\"},{\"@type\":\"ListItem\",\"position\":2,\"name\":\"DALMA EROZYON\"}]},{\"@type\":\"WebSite\",\"@id\":\"https:\/\/iyikanlimakina.com\/#website\",\"url\":\"https:\/\/iyikanlimakina.com\/\",\"name\":\"\u0130yikanl\u0131 Makina\",\"description\":\"Ge\u00e7mi\u015ften Gelece\u011fe\",\"publisher\":{\"@id\":\"https:\/\/iyikanlimakina.com\/#organization\"},\"potentialAction\":[{\"@type\":\"SearchAction\",\"target\":{\"@type\":\"EntryPoint\",\"urlTemplate\":\"https:\/\/iyikanlimakina.com\/?s={search_term_string}\"},\"query-input\":\"required name=search_term_string\"}],\"inLanguage\":\"tr\"},{\"@type\":\"Organization\",\"@id\":\"https:\/\/iyikanlimakina.com\/#organization\",\"name\":\"\u0130yikanl\u0131 Makina\",\"url\":\"https:\/\/iyikanlimakina.com\/\",\"sameAs\":[],\"logo\":{\"@type\":\"ImageObject\",\"inLanguage\":\"tr\",\"@id\":\"https:\/\/iyikanlimakina.com\/#\/schema\/logo\/image\/\",\"url\":\"https:\/\/iyikanlimakina.com\/wp-content\/uploads\/2022\/06\/cropped-cropped-indir-1.png\",\"contentUrl\":\"https:\/\/iyikanlimakina.com\/wp-content\/uploads\/2022\/06\/cropped-cropped-indir-1.png\",\"width\":512,\"height\":512,\"caption\":\"\u0130yikanl\u0131 Makina\"},\"image\":{\"@id\":\"https:\/\/iyikanlimakina.com\/#\/schema\/logo\/image\/\"}}]}<\/script>\n<!-- \/ Yoast SEO plugin. -->","yoast_head_json":{"title":"DALMA EROZYON - \u0130yikanl\u0131 Makina","robots":{"index":"index","follow":"follow","max-snippet":"max-snippet:-1","max-image-preview":"max-image-preview:large","max-video-preview":"max-video-preview:-1"},"canonical":"https:\/\/iyikanlimakina.com\/index.php\/dalma-erozyon\/","og_locale":"tr_TR","og_type":"article","og_title":"DALMA EROZYON - \u0130yikanl\u0131 Makina","og_url":"https:\/\/iyikanlimakina.com\/index.php\/dalma-erozyon\/","og_site_name":"\u0130yikanl\u0131 Makina","article_modified_time":"2023-05-04T14:35:09+00:00","og_image":[{"url":"https:\/\/iyikanlimakina.com\/wp-content\/uploads\/2022\/06\/IMG_6190-1024x768.jpeg"}],"twitter_card":"summary_large_image","schema":{"@context":"https:\/\/schema.org","@graph":[{"@type":"WebPage","@id":"https:\/\/iyikanlimakina.com\/index.php\/dalma-erozyon\/","url":"https:\/\/iyikanlimakina.com\/index.php\/dalma-erozyon\/","name":"DALMA EROZYON - \u0130yikanl\u0131 Makina","isPartOf":{"@id":"https:\/\/iyikanlimakina.com\/#website"},"datePublished":"2023-03-17T13:44:44+00:00","dateModified":"2023-05-04T14:35:09+00:00","breadcrumb":{"@id":"https:\/\/iyikanlimakina.com\/index.php\/dalma-erozyon\/#breadcrumb"},"inLanguage":"tr","potentialAction":[{"@type":"ReadAction","target":["https:\/\/iyikanlimakina.com\/index.php\/dalma-erozyon\/"]}]},{"@type":"BreadcrumbList","@id":"https:\/\/iyikanlimakina.com\/index.php\/dalma-erozyon\/#breadcrumb","itemListElement":[{"@type":"ListItem","position":1,"name":"Anasayfa","item":"https:\/\/iyikanlimakina.com\/"},{"@type":"ListItem","position":2,"name":"DALMA EROZYON"}]},{"@type":"WebSite","@id":"https:\/\/iyikanlimakina.com\/#website","url":"https:\/\/iyikanlimakina.com\/","name":"\u0130yikanl\u0131 Makina","description":"Ge\u00e7mi\u015ften Gelece\u011fe","publisher":{"@id":"https:\/\/iyikanlimakina.com\/#organization"},"potentialAction":[{"@type":"SearchAction","target":{"@type":"EntryPoint","urlTemplate":"https:\/\/iyikanlimakina.com\/?s={search_term_string}"},"query-input":"required name=search_term_string"}],"inLanguage":"tr"},{"@type":"Organization","@id":"https:\/\/iyikanlimakina.com\/#organization","name":"\u0130yikanl\u0131 Makina","url":"https:\/\/iyikanlimakina.com\/","sameAs":[],"logo":{"@type":"ImageObject","inLanguage":"tr","@id":"https:\/\/iyikanlimakina.com\/#\/schema\/logo\/image\/","url":"https:\/\/iyikanlimakina.com\/wp-content\/uploads\/2022\/06\/cropped-cropped-indir-1.png","contentUrl":"https:\/\/iyikanlimakina.com\/wp-content\/uploads\/2022\/06\/cropped-cropped-indir-1.png","width":512,"height":512,"caption":"\u0130yikanl\u0131 Makina"},"image":{"@id":"https:\/\/iyikanlimakina.com\/#\/schema\/logo\/image\/"}}]}},"featured_media_urls":[],"_links":{"self":[{"href":"https:\/\/iyikanlimakina.com\/index.php\/wp-json\/wp\/v2\/pages\/365","targetHints":{"allow":["GET"]}}],"collection":[{"href":"https:\/\/iyikanlimakina.com\/index.php\/wp-json\/wp\/v2\/pages"}],"about":[{"href":"https:\/\/iyikanlimakina.com\/index.php\/wp-json\/wp\/v2\/types\/page"}],"author":[{"embeddable":true,"href":"https:\/\/iyikanlimakina.com\/index.php\/wp-json\/wp\/v2\/users\/1"}],"replies":[{"embeddable":true,"href":"https:\/\/iyikanlimakina.com\/index.php\/wp-json\/wp\/v2\/comments?post=365"}],"version-history":[{"count":1,"href":"https:\/\/iyikanlimakina.com\/index.php\/wp-json\/wp\/v2\/pages\/365\/revisions"}],"predecessor-version":[{"id":366,"href":"https:\/\/iyikanlimakina.com\/index.php\/wp-json\/wp\/v2\/pages\/365\/revisions\/366"}],"wp:attachment":[{"href":"https:\/\/iyikanlimakina.com\/index.php\/wp-json\/wp\/v2\/media?parent=365"}],"curies":[{"name":"wp","href":"https:\/\/api.w.org\/{rel}","templated":true}]}}