{"id":38,"date":"2022-06-21T00:50:55","date_gmt":"2022-06-20T21:50:55","guid":{"rendered":"https:\/\/iyikanlimakina.com\/?page_id=38"},"modified":"2023-12-07T11:23:37","modified_gmt":"2023-12-07T08:23:37","slug":"makina-parkuru","status":"publish","type":"page","link":"https:\/\/iyikanlimakina.com\/index.php\/makina-parkuru\/","title":{"rendered":"Makina Parkurumuz"},"content":{"rendered":"<style>\/*! elementor - v3.6.6 - 08-06-2022 *\/<br \/>\n.elementor-heading-title{padding:0;margin:0;line-height:1}.elementor-widget-heading .elementor-heading-title[class*=elementor-size-]>a{color:inherit;font-size:inherit;line-height:inherit}.elementor-widget-heading .elementor-heading-title.elementor-size-small{font-size:15px}.elementor-widget-heading .elementor-heading-title.elementor-size-medium{font-size:19px}.elementor-widget-heading .elementor-heading-title.elementor-size-large{font-size:29px}.elementor-widget-heading .elementor-heading-title.elementor-size-xl{font-size:39px}.elementor-widget-heading .elementor-heading-title.elementor-size-xxl{font-size:59px}<\/style>\n<h2>MAK\u0130NA PARKURUMUZ<\/h2>\n<p><\/p>\n\n\n<\/p>\n<h6><strong style=\"font-size: inherit;\">D\u0130K<\/strong> \u0130\u015fleme Merkezleri<\/h6>\n<p>\n\n\n<p><\/p>\n\n\n<\/p>\n<figure><img decoding=\"async\" src=\"https:\/\/iyikanlimakina.com\/wp-content\/uploads\/2022\/06\/vf4png.png\" alt=\"\" \/><\/figure>\n<p>\n\n\n<p><\/p>\n\n\n<\/p>\n<p><em><strong>Haas VF-4<\/strong><\/em> &#8211; <strong>HRT210<\/strong> 4. Eksen ile birlikte<\/p>\n<p>\n\n\n<p><\/p>\n\n\n<\/p>\n<ul class=\"wp-block-list\">\n<li>Y\u00fcksek g\u00fc\u00e7l\u00fc, direkt tahrikli i\u015f milleri<\/li>\n<li>\u0130htiya\u00e7lar\u0131n\u0131za g\u00f6re ki\u015fiselle\u015ftirilebilir<\/li>\n<li>Daha fazla X ve Z eksen hareketi<\/li>\n<li>ABD\u2019de \u00dcretilmi\u015ftir<\/li>\n<\/ul>\n<b>\u0130\u015fleme \u00d6l\u00e7\u00fcleri<\/b><br \/><b>X EKSEN\u0130 : 1270<\/b><br \/><b>Y EKSEN\u0130 : 507<\/b><br \/><b>Z EKSEN\u0130 : 560<\/b>\n<figure>\n<table>\n<tbody>\n<tr>\n<td><\/td>\n<td><\/td>\n<td><\/td>\n<\/tr>\n<\/tbody>\n<\/table>\n<\/figure>\n<p>\n\n\n<p><\/p>\n\n\n<\/p>\n<p>\n\n\n<p><\/p>\n\n\n<\/p>\n<p>\n\n\n<p><\/p>\n<p><!-- \/wp:post-content --><\/p>\n<p><style>\/*! elementor - v3.6.6 - 08-06-2022 *\/<br \/>\n.elementor-widget-image{text-align:center}.elementor-widget-image a{display:inline-block}.elementor-widget-image a img[src$=\".svg\"]{width:48px}.elementor-widget-image img{vertical-align:middle;display:inline-block}<\/style><\/p>\n<p><img decoding=\"async\" width=\"750\" height=\"565\" src=\"https:\/\/iyikanlimakina.com\/wp-content\/uploads\/2022\/06\/frontier-1024x771.jpg\" alt=\"\" loading=\"lazy\" srcset=\"https:\/\/iyikanlimakina.com\/wp-content\/uploads\/2022\/06\/frontier-1024x771.jpg 1024w, https:\/\/iyikanlimakina.com\/wp-content\/uploads\/2022\/06\/frontier-300x226.jpg 300w, https:\/\/iyikanlimakina.com\/wp-content\/uploads\/2022\/06\/frontier-768x578.jpg 768w, https:\/\/iyikanlimakina.com\/wp-content\/uploads\/2022\/06\/frontier-1536x1156.jpg 1536w, https:\/\/iyikanlimakina.com\/wp-content\/uploads\/2022\/06\/frontier-2048x1542.jpg 2048w\" sizes=\"auto, (max-width: 750px) 100vw, 750px\" \/><\/p>\n<p>\u0130\u015fleme \u00d6l\u00e7\u00fcleri<br style=\"text-align: center;\" \/>X EKSEN\u0130 : 1250<br style=\"text-align: center;\" \/>Y EKSEN\u0130 : 700<br style=\"text-align: center;\" \/>Z EKSEN\u0130 : 600<\/p>\n<p><img decoding=\"async\" width=\"750\" height=\"664\" src=\"https:\/\/iyikanlimakina.com\/wp-content\/uploads\/2022\/06\/akiraseiki-1024x906.jpg\" alt=\"\" loading=\"lazy\" srcset=\"https:\/\/iyikanlimakina.com\/wp-content\/uploads\/2022\/06\/akiraseiki-1024x906.jpg 1024w, https:\/\/iyikanlimakina.com\/wp-content\/uploads\/2022\/06\/akiraseiki-300x265.jpg 300w, https:\/\/iyikanlimakina.com\/wp-content\/uploads\/2022\/06\/akiraseiki-768x680.jpg 768w, https:\/\/iyikanlimakina.com\/wp-content\/uploads\/2022\/06\/akiraseiki-1536x1359.jpg 1536w, https:\/\/iyikanlimakina.com\/wp-content\/uploads\/2022\/06\/akiraseiki-2048x1812.jpg 2048w\" sizes=\"auto, (max-width: 750px) 100vw, 750px\" \/><\/p>\n<p>\u0130\u015fleme \u00d6l\u00e7\u00fcleri<br style=\"text-align: center;\" \/>X EKSEN\u0130 : 762<br style=\"text-align: center;\" \/>Y EKSEN\u0130 : 430<br style=\"text-align: center;\" \/>Z EKSEN\u0130 : 460<\/p>\n<h2>PLAST\u0130K ENJEKS\u0130YON<\/h2>\n<p><\/p>\n<p><\/p>\n<p><\/p>\n<p><img loading=\"lazy\" decoding=\"async\" src=\"https:\/\/iyikanlimakina.com\/wp-content\/uploads\/2023\/12\/MA2500KUCUK2-300x141.png\" alt=\"\" width=\"564\" height=\"265\" class=\"wp-image-401 aligncenter\" srcset=\"https:\/\/iyikanlimakina.com\/wp-content\/uploads\/2023\/12\/MA2500KUCUK2-300x141.png 300w, https:\/\/iyikanlimakina.com\/wp-content\/uploads\/2023\/12\/MA2500KUCUK2-1024x480.png 1024w, https:\/\/iyikanlimakina.com\/wp-content\/uploads\/2023\/12\/MA2500KUCUK2-768x360.png 768w, https:\/\/iyikanlimakina.com\/wp-content\/uploads\/2023\/12\/MA2500KUCUK2-1536x720.png 1536w, https:\/\/iyikanlimakina.com\/wp-content\/uploads\/2023\/12\/MA2500KUCUK2.png 1920w\" sizes=\"auto, (max-width: 564px) 100vw, 564px\" \/><\/p>\n<p><\/p>\n<p style=\"text-align: center;\"><strong>HAITIAN MARS<\/strong> MA2500\u2162\/<\/p>\n<p style=\"text-align: center;\">Kal\u0131p Ba\u011flama \u00d6l\u00e7\u00fcleri :\u00a0 <strong>580*580<\/strong><\/p>\n<p style=\"text-align: center;\">SIKMA KUVVET\u0130 (kN) : <strong>2500<\/strong><\/p>\n<p><\/p>\n<p><\/p>\n<p><img decoding=\"async\" width=\"750\" height=\"375\" src=\"https:\/\/iyikanlimakina.com\/wp-content\/uploads\/2022\/06\/haitianmars3ma1600.png\" alt=\"\" loading=\"lazy\" srcset=\"https:\/\/iyikanlimakina.com\/wp-content\/uploads\/2022\/06\/haitianmars3ma1600.png 800w, https:\/\/iyikanlimakina.com\/wp-content\/uploads\/2022\/06\/haitianmars3ma1600-300x150.png 300w, https:\/\/iyikanlimakina.com\/wp-content\/uploads\/2022\/06\/haitianmars3ma1600-768x384.png 768w\" sizes=\"auto, (max-width: 750px) 100vw, 750px\" class=\"aligncenter\" \/><\/p>\n<p style=\"text-align: center;\"><strong>HAITIAN MARS<\/strong> MA1600\u2162\/<\/p>\n<p style=\"text-align: center;\">Kal\u0131p Ba\u011flama \u00d6l\u00e7\u00fcleri :\u00a0 <strong>520*520<\/strong><\/p>\n<p style=\"text-align: center;\">SIKMA KUVVET\u0130 (kN) : <strong>1600<\/strong><\/p>\n<p><\/p>\n<p><\/p>\n<p><img loading=\"lazy\" decoding=\"async\" src=\"https:\/\/iyikanlimakina.com\/wp-content\/uploads\/2023\/12\/MA1200KUCUK2-300x141.png\" alt=\"\" width=\"442\" height=\"208\" class=\" wp-image-408 aligncenter\" srcset=\"https:\/\/iyikanlimakina.com\/wp-content\/uploads\/2023\/12\/MA1200KUCUK2-300x141.png 300w, https:\/\/iyikanlimakina.com\/wp-content\/uploads\/2023\/12\/MA1200KUCUK2-1024x480.png 1024w, https:\/\/iyikanlimakina.com\/wp-content\/uploads\/2023\/12\/MA1200KUCUK2-768x360.png 768w, https:\/\/iyikanlimakina.com\/wp-content\/uploads\/2023\/12\/MA1200KUCUK2-1536x720.png 1536w, https:\/\/iyikanlimakina.com\/wp-content\/uploads\/2023\/12\/MA1200KUCUK2.png 1920w\" sizes=\"auto, (max-width: 442px) 100vw, 442px\" \/><\/p>\n<p><\/p>\n<p style=\"text-align: center;\"><strong>HAITIAN MARS<\/strong> MA1200\u2162\/<\/p>\n<p style=\"text-align: center;\">Kal\u0131p Ba\u011flama \u00d6l\u00e7\u00fcleri :\u00a0 45<strong>0*450<\/strong><\/p>\n<p style=\"text-align: center;\">SIKMA KUVVET\u0130 (kN) : <strong>1200<\/strong><\/p>\n<p><\/p>\n<p><\/p>\n<p><!-- wp:heading --><\/p>\n<h2>DALMA EROZYON<\/h2>\n<p><!-- \/wp:heading --><\/p>\n<p><!-- wp:image {\"id\":231,\"sizeSlug\":\"large\",\"linkDestination\":\"none\"} --><\/p>\n<figure class=\"wp-block-image size-large\"><img loading=\"lazy\" decoding=\"async\" width=\"926\" height=\"1024\" src=\"https:\/\/iyikanlimakina.com\/wp-content\/uploads\/2022\/07\/ZNC540DALMA-926x1024.jpg\" alt=\"\" class=\"wp-image-231\" srcset=\"https:\/\/iyikanlimakina.com\/wp-content\/uploads\/2022\/07\/ZNC540DALMA-926x1024.jpg 926w, https:\/\/iyikanlimakina.com\/wp-content\/uploads\/2022\/07\/ZNC540DALMA-271x300.jpg 271w, https:\/\/iyikanlimakina.com\/wp-content\/uploads\/2022\/07\/ZNC540DALMA-768x849.jpg 768w, https:\/\/iyikanlimakina.com\/wp-content\/uploads\/2022\/07\/ZNC540DALMA.jpg 1337w\" sizes=\"auto, (max-width: 926px) 100vw, 926px\" \/><\/figure>\n<p><!-- \/wp:image --><\/p>","protected":false},"excerpt":{"rendered":"<p>MAK\u0130NA PARKURUMUZ D\u0130K \u0130\u015fleme Merkezleri Haas VF-4 &#8211; HRT210 4. Eksen ile birlikte Y\u00fcksek g\u00fc\u00e7l\u00fc, direkt tahrikli i\u015f milleri \u0130htiya\u00e7lar\u0131n\u0131za g\u00f6re ki\u015fiselle\u015ftirilebilir Daha fazla X ve Z eksen hareketi ABD\u2019de \u00dcretilmi\u015ftir \u0130\u015fleme \u00d6l\u00e7\u00fcleriX EKSEN\u0130 : 1270Y EKSEN\u0130 : 507Z EKSEN\u0130 : 560 \u0130\u015fleme \u00d6l\u00e7\u00fcleriX EKSEN\u0130 : 1250Y EKSEN\u0130 : 700Z [&hellip;]<\/p>\n","protected":false},"author":1,"featured_media":0,"parent":0,"menu_order":0,"comment_status":"closed","ping_status":"closed","template":"","meta":{"_themeisle_gutenberg_block_has_review":false,"footnotes":""},"class_list":["post-38","page","type-page","status-publish","hentry"],"yoast_head":"<!-- This site is optimized with the Yoast SEO plugin v19.7.1 - https:\/\/yoast.com\/wordpress\/plugins\/seo\/ -->\n<title>Makina Parkurumuz - \u0130yikanl\u0131 Makina<\/title>\n<meta name=\"robots\" content=\"index, follow, max-snippet:-1, max-image-preview:large, max-video-preview:-1\" \/>\n<link rel=\"canonical\" href=\"https:\/\/iyikanlimakina.com\/index.php\/makina-parkuru\/\" \/>\n<meta property=\"og:locale\" content=\"tr_TR\" \/>\n<meta property=\"og:type\" content=\"article\" \/>\n<meta property=\"og:title\" content=\"Makina Parkurumuz - \u0130yikanl\u0131 Makina\" \/>\n<meta property=\"og:description\" content=\"MAK\u0130NA PARKURUMUZ D\u0130K \u0130\u015fleme Merkezleri Haas VF-4 &#8211; HRT210 4. Eksen ile birlikte Y\u00fcksek g\u00fc\u00e7l\u00fc, direkt tahrikli i\u015f milleri \u0130htiya\u00e7lar\u0131n\u0131za g\u00f6re ki\u015fiselle\u015ftirilebilir Daha fazla X ve Z eksen hareketi ABD\u2019de \u00dcretilmi\u015ftir \u0130\u015fleme \u00d6l\u00e7\u00fcleriX EKSEN\u0130 : 1270Y EKSEN\u0130 : 507Z EKSEN\u0130 : 560 \u0130\u015fleme \u00d6l\u00e7\u00fcleriX EKSEN\u0130 : 1250Y EKSEN\u0130 : 700Z [&hellip;]\" \/>\n<meta property=\"og:url\" content=\"https:\/\/iyikanlimakina.com\/index.php\/makina-parkuru\/\" \/>\n<meta property=\"og:site_name\" content=\"\u0130yikanl\u0131 Makina\" \/>\n<meta property=\"article:modified_time\" content=\"2023-12-07T08:23:37+00:00\" \/>\n<meta property=\"og:image\" content=\"https:\/\/iyikanlimakina.com\/wp-content\/uploads\/2022\/06\/vf4png.png\" \/>\n<meta name=\"twitter:card\" content=\"summary_large_image\" \/>\n<meta name=\"twitter:label1\" content=\"Tahmini okuma s\u00fcresi\" \/>\n\t<meta name=\"twitter:data1\" content=\"1 dakika\" \/>\n<script type=\"application\/ld+json\" class=\"yoast-schema-graph\">{\"@context\":\"https:\/\/schema.org\",\"@graph\":[{\"@type\":\"WebPage\",\"@id\":\"https:\/\/iyikanlimakina.com\/index.php\/makina-parkuru\/\",\"url\":\"https:\/\/iyikanlimakina.com\/index.php\/makina-parkuru\/\",\"name\":\"Makina Parkurumuz - \u0130yikanl\u0131 Makina\",\"isPartOf\":{\"@id\":\"https:\/\/iyikanlimakina.com\/#website\"},\"datePublished\":\"2022-06-20T21:50:55+00:00\",\"dateModified\":\"2023-12-07T08:23:37+00:00\",\"breadcrumb\":{\"@id\":\"https:\/\/iyikanlimakina.com\/index.php\/makina-parkuru\/#breadcrumb\"},\"inLanguage\":\"tr\",\"potentialAction\":[{\"@type\":\"ReadAction\",\"target\":[\"https:\/\/iyikanlimakina.com\/index.php\/makina-parkuru\/\"]}]},{\"@type\":\"BreadcrumbList\",\"@id\":\"https:\/\/iyikanlimakina.com\/index.php\/makina-parkuru\/#breadcrumb\",\"itemListElement\":[{\"@type\":\"ListItem\",\"position\":1,\"name\":\"Anasayfa\",\"item\":\"https:\/\/iyikanlimakina.com\/\"},{\"@type\":\"ListItem\",\"position\":2,\"name\":\"Makina Parkurumuz\"}]},{\"@type\":\"WebSite\",\"@id\":\"https:\/\/iyikanlimakina.com\/#website\",\"url\":\"https:\/\/iyikanlimakina.com\/\",\"name\":\"\u0130yikanl\u0131 Makina\",\"description\":\"Ge\u00e7mi\u015ften Gelece\u011fe\",\"publisher\":{\"@id\":\"https:\/\/iyikanlimakina.com\/#organization\"},\"potentialAction\":[{\"@type\":\"SearchAction\",\"target\":{\"@type\":\"EntryPoint\",\"urlTemplate\":\"https:\/\/iyikanlimakina.com\/?s={search_term_string}\"},\"query-input\":\"required name=search_term_string\"}],\"inLanguage\":\"tr\"},{\"@type\":\"Organization\",\"@id\":\"https:\/\/iyikanlimakina.com\/#organization\",\"name\":\"\u0130yikanl\u0131 Makina\",\"url\":\"https:\/\/iyikanlimakina.com\/\",\"sameAs\":[],\"logo\":{\"@type\":\"ImageObject\",\"inLanguage\":\"tr\",\"@id\":\"https:\/\/iyikanlimakina.com\/#\/schema\/logo\/image\/\",\"url\":\"https:\/\/iyikanlimakina.com\/wp-content\/uploads\/2022\/06\/cropped-cropped-indir-1.png\",\"contentUrl\":\"https:\/\/iyikanlimakina.com\/wp-content\/uploads\/2022\/06\/cropped-cropped-indir-1.png\",\"width\":512,\"height\":512,\"caption\":\"\u0130yikanl\u0131 Makina\"},\"image\":{\"@id\":\"https:\/\/iyikanlimakina.com\/#\/schema\/logo\/image\/\"}}]}<\/script>\n<!-- \/ Yoast SEO plugin. -->","yoast_head_json":{"title":"Makina Parkurumuz - \u0130yikanl\u0131 Makina","robots":{"index":"index","follow":"follow","max-snippet":"max-snippet:-1","max-image-preview":"max-image-preview:large","max-video-preview":"max-video-preview:-1"},"canonical":"https:\/\/iyikanlimakina.com\/index.php\/makina-parkuru\/","og_locale":"tr_TR","og_type":"article","og_title":"Makina Parkurumuz - \u0130yikanl\u0131 Makina","og_description":"MAK\u0130NA PARKURUMUZ D\u0130K \u0130\u015fleme Merkezleri Haas VF-4 &#8211; HRT210 4. Eksen ile birlikte Y\u00fcksek g\u00fc\u00e7l\u00fc, direkt tahrikli i\u015f milleri \u0130htiya\u00e7lar\u0131n\u0131za g\u00f6re ki\u015fiselle\u015ftirilebilir Daha fazla X ve Z eksen hareketi ABD\u2019de \u00dcretilmi\u015ftir \u0130\u015fleme \u00d6l\u00e7\u00fcleriX EKSEN\u0130 : 1270Y EKSEN\u0130 : 507Z EKSEN\u0130 : 560 \u0130\u015fleme \u00d6l\u00e7\u00fcleriX EKSEN\u0130 : 1250Y EKSEN\u0130 : 700Z [&hellip;]","og_url":"https:\/\/iyikanlimakina.com\/index.php\/makina-parkuru\/","og_site_name":"\u0130yikanl\u0131 Makina","article_modified_time":"2023-12-07T08:23:37+00:00","og_image":[{"url":"https:\/\/iyikanlimakina.com\/wp-content\/uploads\/2022\/06\/vf4png.png"}],"twitter_card":"summary_large_image","twitter_misc":{"Tahmini okuma s\u00fcresi":"1 dakika"},"schema":{"@context":"https:\/\/schema.org","@graph":[{"@type":"WebPage","@id":"https:\/\/iyikanlimakina.com\/index.php\/makina-parkuru\/","url":"https:\/\/iyikanlimakina.com\/index.php\/makina-parkuru\/","name":"Makina Parkurumuz - \u0130yikanl\u0131 Makina","isPartOf":{"@id":"https:\/\/iyikanlimakina.com\/#website"},"datePublished":"2022-06-20T21:50:55+00:00","dateModified":"2023-12-07T08:23:37+00:00","breadcrumb":{"@id":"https:\/\/iyikanlimakina.com\/index.php\/makina-parkuru\/#breadcrumb"},"inLanguage":"tr","potentialAction":[{"@type":"ReadAction","target":["https:\/\/iyikanlimakina.com\/index.php\/makina-parkuru\/"]}]},{"@type":"BreadcrumbList","@id":"https:\/\/iyikanlimakina.com\/index.php\/makina-parkuru\/#breadcrumb","itemListElement":[{"@type":"ListItem","position":1,"name":"Anasayfa","item":"https:\/\/iyikanlimakina.com\/"},{"@type":"ListItem","position":2,"name":"Makina Parkurumuz"}]},{"@type":"WebSite","@id":"https:\/\/iyikanlimakina.com\/#website","url":"https:\/\/iyikanlimakina.com\/","name":"\u0130yikanl\u0131 Makina","description":"Ge\u00e7mi\u015ften Gelece\u011fe","publisher":{"@id":"https:\/\/iyikanlimakina.com\/#organization"},"potentialAction":[{"@type":"SearchAction","target":{"@type":"EntryPoint","urlTemplate":"https:\/\/iyikanlimakina.com\/?s={search_term_string}"},"query-input":"required name=search_term_string"}],"inLanguage":"tr"},{"@type":"Organization","@id":"https:\/\/iyikanlimakina.com\/#organization","name":"\u0130yikanl\u0131 Makina","url":"https:\/\/iyikanlimakina.com\/","sameAs":[],"logo":{"@type":"ImageObject","inLanguage":"tr","@id":"https:\/\/iyikanlimakina.com\/#\/schema\/logo\/image\/","url":"https:\/\/iyikanlimakina.com\/wp-content\/uploads\/2022\/06\/cropped-cropped-indir-1.png","contentUrl":"https:\/\/iyikanlimakina.com\/wp-content\/uploads\/2022\/06\/cropped-cropped-indir-1.png","width":512,"height":512,"caption":"\u0130yikanl\u0131 Makina"},"image":{"@id":"https:\/\/iyikanlimakina.com\/#\/schema\/logo\/image\/"}}]}},"featured_media_urls":[],"_links":{"self":[{"href":"https:\/\/iyikanlimakina.com\/index.php\/wp-json\/wp\/v2\/pages\/38","targetHints":{"allow":["GET"]}}],"collection":[{"href":"https:\/\/iyikanlimakina.com\/index.php\/wp-json\/wp\/v2\/pages"}],"about":[{"href":"https:\/\/iyikanlimakina.com\/index.php\/wp-json\/wp\/v2\/types\/page"}],"author":[{"embeddable":true,"href":"https:\/\/iyikanlimakina.com\/index.php\/wp-json\/wp\/v2\/users\/1"}],"replies":[{"embeddable":true,"href":"https:\/\/iyikanlimakina.com\/index.php\/wp-json\/wp\/v2\/comments?post=38"}],"version-history":[{"count":64,"href":"https:\/\/iyikanlimakina.com\/index.php\/wp-json\/wp\/v2\/pages\/38\/revisions"}],"predecessor-version":[{"id":410,"href":"https:\/\/iyikanlimakina.com\/index.php\/wp-json\/wp\/v2\/pages\/38\/revisions\/410"}],"wp:attachment":[{"href":"https:\/\/iyikanlimakina.com\/index.php\/wp-json\/wp\/v2\/media?parent=38"}],"curies":[{"name":"wp","href":"https:\/\/api.w.org\/{rel}","templated":true}]}}