{"id":5550,"date":"2016-12-03T15:08:37","date_gmt":"2016-12-03T15:08:37","guid":{"rendered":"https:\/\/demo.wpzoom.com\/inspiro\/?page_id=5550"},"modified":"2025-06-04T09:55:36","modified_gmt":"2025-06-04T06:55:36","slug":"homepage-2","status":"publish","type":"page","link":"https:\/\/iyikanlimakina.com\/index.php\/homepage-2\/","title":{"rendered":"iyikanl\u0131makina"},"content":{"rendered":"<h2>ge\u00e7mi\u015ften gelece\u011fe slogan\u0131yla yola \u00e7\u0131kt\u0131k<\/h2>\n<p>1971 y\u0131l\u0131nda kurulan firmam\u0131z manuel torna ve freze ile ilk temellerini atm\u0131\u015f olup, geli\u015fen bilgisayar teknolojisi ile birlikte bilgisayar destekli \u00fcretime ge\u00e7mi\u015ftir:<\/p>\n<p><strong>\u0130yikanl\u0131 Makina\u2019da Plastik enjeksiyon kal\u0131plar\u0131, Hassas makina par\u00e7alar\u0131, Poli\u00fcretan ve Termoform kal\u0131plar\u0131 ile \u00fcretimin her alan\u0131nda size destek vermekteyiz.<\/strong><\/p>\n<p>\t\t\t<a href=\"https:\/\/iyikanlimakina.com\/index.php\/hakkmzda_menu\/\" role=\"button\"><br \/>\n\t\t\t\t\t\thakk\u0131m\u0131zda<br \/>\n\t\t\t\t\t<\/a><\/p>\n<h2>SERV\u0130SLER\u0130M\u0130Z<\/h2>\n<h2>Plastik Kal\u0131plar\u0131<\/h2>\n<p>Uzman ve tecr\u00fcbeli tasar\u0131m ekibimizle plastik kal\u0131plar\u0131, sa\u00e7-metal kal\u0131plar\u0131, \u015fi\u015firme ve preform kal\u0131plar\u0131 gibi bir \u00e7ok alanda sizlere hizmet sunmaktay\u0131z<\/p>\n<p>\t\t\t<a href=\"#\" role=\"button\"><br \/>\n\t\t\t\t\t\tdaha fazlas\u0131n\u0131 \u00f6\u011frenin<br \/>\n\t\t\t\t\t<\/a><\/p>\n<h2>Poli\u00fcretan Kal\u0131plar\u0131<\/h2>\n<p>F<\/p>\n<p>\t\t\t<a href=\"#\" role=\"button\"><br \/>\n\t\t\t\t\t\tdaha fazlas\u0131n\u0131 \u00f6\u011frenin<br \/>\n\t\t\t\t\t<\/a><\/p>\n<h2>Hassas Makina Par\u00e7alar\u0131<\/h2>\n<p>F<\/p>\n<p>\t\t\t<a href=\"#\" role=\"button\"><br \/>\n\t\t\t\t\t\tdaha fazlas\u0131n\u0131 \u00f6\u011frenin<br \/>\n\t\t\t\t\t<\/a><\/p>\n<h2>At\u00f6lye adresimiz<\/h2>\n<p><em>75. y\u0131l mh. 5303 sk 25\/A Manisa \/ T\u00dcRK\u0130YE<\/em><\/p>\n<p>\t\t\t<iframe frameborder=\"0\" scrolling=\"no\" marginheight=\"0\" marginwidth=\"0\"\n\t\t\t\t\tsrc=\"https:\/\/maps.google.com\/maps?q=1%20Gibfield%20Park%20Ave%20Atherton%20Manchester%20M46%200SU&#038;t=m&#038;z=16&#038;output=embed&#038;iwloc=near\"\n\t\t\t\t\ttitle=\"1 Gibfield Park Ave Atherton Manchester M46 0SU\"\n\t\t\t\t\taria-label=\"1 Gibfield Park Ave Atherton Manchester M46 0SU\"\n\t\t\t><\/iframe><\/p>\n","protected":false},"excerpt":{"rendered":"<p>ge\u00e7mi\u015ften gelece\u011fe slogan\u0131yla yola \u00e7\u0131kt\u0131k 1971 y\u0131l\u0131nda kurulan firmam\u0131z manuel torna ve freze ile ilk temellerini atm\u0131\u015f olup, geli\u015fen bilgisayar teknolojisi ile birlikte bilgisayar destekli \u00fcretime ge\u00e7mi\u015ftir: \u0130yikanl\u0131 Makina\u2019da Plastik enjeksiyon kal\u0131plar\u0131, Hassas makina par\u00e7alar\u0131, Poli\u00fcretan ve Termoform kal\u0131plar\u0131 ile \u00fcretimin her alan\u0131nda size destek vermekteyiz. hakk\u0131m\u0131zda SERV\u0130SLER\u0130M\u0130Z Plastik Kal\u0131plar\u0131 [&hellip;]<\/p>\n","protected":false},"author":1,"featured_media":0,"parent":0,"menu_order":0,"comment_status":"closed","ping_status":"closed","template":"page-templates\/homepage-builder-bb.php","meta":{"_themeisle_gutenberg_block_has_review":false,"footnotes":""},"class_list":["post-5550","page","type-page","status-publish","hentry"],"yoast_head":"<!-- This site is optimized with the Yoast SEO plugin v19.7.1 - https:\/\/yoast.com\/wordpress\/plugins\/seo\/ -->\n<title>\u0130yikanl\u0131 Makina ve Kal\u0131p Sanayi - Manisa<\/title>\n<meta name=\"robots\" content=\"index, follow, max-snippet:-1, max-image-preview:large, max-video-preview:-1\" \/>\n<link rel=\"canonical\" href=\"https:\/\/iyikanlimakina.com\/index.php\/homepage-2\/\" \/>\n<meta property=\"og:locale\" content=\"tr_TR\" \/>\n<meta property=\"og:type\" content=\"article\" \/>\n<meta property=\"og:title\" content=\"\u0130yikanl\u0131 Makina ve Kal\u0131p Sanayi - Manisa\" \/>\n<meta property=\"og:description\" content=\"ge\u00e7mi\u015ften gelece\u011fe slogan\u0131yla yola \u00e7\u0131kt\u0131k 1971 y\u0131l\u0131nda kurulan firmam\u0131z manuel torna ve freze ile ilk temellerini atm\u0131\u015f olup, geli\u015fen bilgisayar teknolojisi ile birlikte bilgisayar destekli \u00fcretime ge\u00e7mi\u015ftir: \u0130yikanl\u0131 Makina\u2019da Plastik enjeksiyon kal\u0131plar\u0131, Hassas makina par\u00e7alar\u0131, Poli\u00fcretan ve Termoform kal\u0131plar\u0131 ile \u00fcretimin her alan\u0131nda size destek vermekteyiz. hakk\u0131m\u0131zda SERV\u0130SLER\u0130M\u0130Z Plastik Kal\u0131plar\u0131 [&hellip;]\" \/>\n<meta property=\"og:url\" content=\"https:\/\/iyikanlimakina.com\/index.php\/homepage-2\/\" \/>\n<meta property=\"og:site_name\" content=\"\u0130yikanl\u0131 Makina\" \/>\n<meta property=\"article:modified_time\" content=\"2025-06-04T06:55:36+00:00\" \/>\n<meta name=\"twitter:card\" content=\"summary_large_image\" \/>\n<meta name=\"twitter:label1\" content=\"Tahmini okuma s\u00fcresi\" \/>\n\t<meta name=\"twitter:data1\" content=\"1 dakika\" \/>\n<script type=\"application\/ld+json\" class=\"yoast-schema-graph\">{\"@context\":\"https:\/\/schema.org\",\"@graph\":[{\"@type\":\"WebPage\",\"@id\":\"https:\/\/iyikanlimakina.com\/index.php\/homepage-2\/\",\"url\":\"https:\/\/iyikanlimakina.com\/index.php\/homepage-2\/\",\"name\":\"\u0130yikanl\u0131 Makina ve Kal\u0131p Sanayi - Manisa\",\"isPartOf\":{\"@id\":\"https:\/\/iyikanlimakina.com\/#website\"},\"datePublished\":\"2016-12-03T15:08:37+00:00\",\"dateModified\":\"2025-06-04T06:55:36+00:00\",\"breadcrumb\":{\"@id\":\"https:\/\/iyikanlimakina.com\/index.php\/homepage-2\/#breadcrumb\"},\"inLanguage\":\"tr\",\"potentialAction\":[{\"@type\":\"ReadAction\",\"target\":[\"https:\/\/iyikanlimakina.com\/index.php\/homepage-2\/\"]}]},{\"@type\":\"BreadcrumbList\",\"@id\":\"https:\/\/iyikanlimakina.com\/index.php\/homepage-2\/#breadcrumb\",\"itemListElement\":[{\"@type\":\"ListItem\",\"position\":1,\"name\":\"Anasayfa\",\"item\":\"https:\/\/iyikanlimakina.com\/\"},{\"@type\":\"ListItem\",\"position\":2,\"name\":\"iyikanl\u0131makina\"}]},{\"@type\":\"WebSite\",\"@id\":\"https:\/\/iyikanlimakina.com\/#website\",\"url\":\"https:\/\/iyikanlimakina.com\/\",\"name\":\"\u0130yikanl\u0131 Makina\",\"description\":\"Ge\u00e7mi\u015ften Gelece\u011fe\",\"publisher\":{\"@id\":\"https:\/\/iyikanlimakina.com\/#organization\"},\"potentialAction\":[{\"@type\":\"SearchAction\",\"target\":{\"@type\":\"EntryPoint\",\"urlTemplate\":\"https:\/\/iyikanlimakina.com\/?s={search_term_string}\"},\"query-input\":\"required name=search_term_string\"}],\"inLanguage\":\"tr\"},{\"@type\":\"Organization\",\"@id\":\"https:\/\/iyikanlimakina.com\/#organization\",\"name\":\"\u0130yikanl\u0131 Makina\",\"url\":\"https:\/\/iyikanlimakina.com\/\",\"sameAs\":[],\"logo\":{\"@type\":\"ImageObject\",\"inLanguage\":\"tr\",\"@id\":\"https:\/\/iyikanlimakina.com\/#\/schema\/logo\/image\/\",\"url\":\"https:\/\/iyikanlimakina.com\/wp-content\/uploads\/2022\/06\/cropped-cropped-indir-1.png\",\"contentUrl\":\"https:\/\/iyikanlimakina.com\/wp-content\/uploads\/2022\/06\/cropped-cropped-indir-1.png\",\"width\":512,\"height\":512,\"caption\":\"\u0130yikanl\u0131 Makina\"},\"image\":{\"@id\":\"https:\/\/iyikanlimakina.com\/#\/schema\/logo\/image\/\"}}]}<\/script>\n<!-- \/ Yoast SEO plugin. -->","yoast_head_json":{"title":"\u0130yikanl\u0131 Makina ve Kal\u0131p Sanayi - Manisa","robots":{"index":"index","follow":"follow","max-snippet":"max-snippet:-1","max-image-preview":"max-image-preview:large","max-video-preview":"max-video-preview:-1"},"canonical":"https:\/\/iyikanlimakina.com\/index.php\/homepage-2\/","og_locale":"tr_TR","og_type":"article","og_title":"\u0130yikanl\u0131 Makina ve Kal\u0131p Sanayi - Manisa","og_description":"ge\u00e7mi\u015ften gelece\u011fe slogan\u0131yla yola \u00e7\u0131kt\u0131k 1971 y\u0131l\u0131nda kurulan firmam\u0131z manuel torna ve freze ile ilk temellerini atm\u0131\u015f olup, geli\u015fen bilgisayar teknolojisi ile birlikte bilgisayar destekli \u00fcretime ge\u00e7mi\u015ftir: \u0130yikanl\u0131 Makina\u2019da Plastik enjeksiyon kal\u0131plar\u0131, Hassas makina par\u00e7alar\u0131, Poli\u00fcretan ve Termoform kal\u0131plar\u0131 ile \u00fcretimin her alan\u0131nda size destek vermekteyiz. hakk\u0131m\u0131zda SERV\u0130SLER\u0130M\u0130Z Plastik Kal\u0131plar\u0131 [&hellip;]","og_url":"https:\/\/iyikanlimakina.com\/index.php\/homepage-2\/","og_site_name":"\u0130yikanl\u0131 Makina","article_modified_time":"2025-06-04T06:55:36+00:00","twitter_card":"summary_large_image","twitter_misc":{"Tahmini okuma s\u00fcresi":"1 dakika"},"schema":{"@context":"https:\/\/schema.org","@graph":[{"@type":"WebPage","@id":"https:\/\/iyikanlimakina.com\/index.php\/homepage-2\/","url":"https:\/\/iyikanlimakina.com\/index.php\/homepage-2\/","name":"\u0130yikanl\u0131 Makina ve Kal\u0131p Sanayi - Manisa","isPartOf":{"@id":"https:\/\/iyikanlimakina.com\/#website"},"datePublished":"2016-12-03T15:08:37+00:00","dateModified":"2025-06-04T06:55:36+00:00","breadcrumb":{"@id":"https:\/\/iyikanlimakina.com\/index.php\/homepage-2\/#breadcrumb"},"inLanguage":"tr","potentialAction":[{"@type":"ReadAction","target":["https:\/\/iyikanlimakina.com\/index.php\/homepage-2\/"]}]},{"@type":"BreadcrumbList","@id":"https:\/\/iyikanlimakina.com\/index.php\/homepage-2\/#breadcrumb","itemListElement":[{"@type":"ListItem","position":1,"name":"Anasayfa","item":"https:\/\/iyikanlimakina.com\/"},{"@type":"ListItem","position":2,"name":"iyikanl\u0131makina"}]},{"@type":"WebSite","@id":"https:\/\/iyikanlimakina.com\/#website","url":"https:\/\/iyikanlimakina.com\/","name":"\u0130yikanl\u0131 Makina","description":"Ge\u00e7mi\u015ften Gelece\u011fe","publisher":{"@id":"https:\/\/iyikanlimakina.com\/#organization"},"potentialAction":[{"@type":"SearchAction","target":{"@type":"EntryPoint","urlTemplate":"https:\/\/iyikanlimakina.com\/?s={search_term_string}"},"query-input":"required name=search_term_string"}],"inLanguage":"tr"},{"@type":"Organization","@id":"https:\/\/iyikanlimakina.com\/#organization","name":"\u0130yikanl\u0131 Makina","url":"https:\/\/iyikanlimakina.com\/","sameAs":[],"logo":{"@type":"ImageObject","inLanguage":"tr","@id":"https:\/\/iyikanlimakina.com\/#\/schema\/logo\/image\/","url":"https:\/\/iyikanlimakina.com\/wp-content\/uploads\/2022\/06\/cropped-cropped-indir-1.png","contentUrl":"https:\/\/iyikanlimakina.com\/wp-content\/uploads\/2022\/06\/cropped-cropped-indir-1.png","width":512,"height":512,"caption":"\u0130yikanl\u0131 Makina"},"image":{"@id":"https:\/\/iyikanlimakina.com\/#\/schema\/logo\/image\/"}}]}},"featured_media_urls":[],"_links":{"self":[{"href":"https:\/\/iyikanlimakina.com\/index.php\/wp-json\/wp\/v2\/pages\/5550","targetHints":{"allow":["GET"]}}],"collection":[{"href":"https:\/\/iyikanlimakina.com\/index.php\/wp-json\/wp\/v2\/pages"}],"about":[{"href":"https:\/\/iyikanlimakina.com\/index.php\/wp-json\/wp\/v2\/types\/page"}],"author":[{"embeddable":true,"href":"https:\/\/iyikanlimakina.com\/index.php\/wp-json\/wp\/v2\/users\/1"}],"replies":[{"embeddable":true,"href":"https:\/\/iyikanlimakina.com\/index.php\/wp-json\/wp\/v2\/comments?post=5550"}],"version-history":[{"count":47,"href":"https:\/\/iyikanlimakina.com\/index.php\/wp-json\/wp\/v2\/pages\/5550\/revisions"}],"predecessor-version":[{"id":6778,"href":"https:\/\/iyikanlimakina.com\/index.php\/wp-json\/wp\/v2\/pages\/5550\/revisions\/6778"}],"wp:attachment":[{"href":"https:\/\/iyikanlimakina.com\/index.php\/wp-json\/wp\/v2\/media?parent=5550"}],"curies":[{"name":"wp","href":"https:\/\/api.w.org\/{rel}","templated":true}]}}